{"id":384,"date":"2024-11-12T13:44:08","date_gmt":"2024-11-12T13:44:08","guid":{"rendered":"https:\/\/bliss.coredesign.store\/?page_id=384"},"modified":"2024-11-12T20:26:57","modified_gmt":"2024-11-12T20:26:57","slug":"fitness-and-wellness","status":"publish","type":"page","link":"https:\/\/blisshouse.hu\/hu\/fitness-and-wellness\/","title":{"rendered":"fitness and wellness"},"content":{"rendered":"<div data-elementor-type=\"wp-page\" data-elementor-id=\"384\" class=\"elementor elementor-384\" data-elementor-post-type=\"page\">\n\t\t\t\t<div class=\"elementor-element elementor-element-2c337f8 e-con-full e-flex e-con e-parent\" data-id=\"2c337f8\" data-element_type=\"container\" data-settings=\"{&quot;background_background&quot;:&quot;classic&quot;}\">\n\t\t\t\t<div class=\"elementor-element elementor-element-639beef6 elementor-widget elementor-widget-heading\" data-id=\"639beef6\" data-element_type=\"widget\" data-widget_type=\"heading.default\">\n\t\t\t\t<div class=\"elementor-widget-container\">\n\t\t\t\t\t<h2 class=\"elementor-heading-title elementor-size-default\">Fitness &amp; Wellness<\/h2>\t\t\t\t<\/div>\n\t\t\t\t<\/div>\n\t\t\t\t<\/div>\n\t\t<div class=\"elementor-element elementor-element-1e7f8e35 e-flex e-con-boxed e-con e-parent\" data-id=\"1e7f8e35\" data-element_type=\"container\">\n\t\t\t\t\t<div class=\"e-con-inner\">\n\t\t<div class=\"elementor-element elementor-element-5f2b0e25 e-con-full e-flex e-con e-child\" data-id=\"5f2b0e25\" data-element_type=\"container\">\n\t\t\t\t<div class=\"elementor-element elementor-element-7c8cef1f elementor-widget elementor-widget-heading\" data-id=\"7c8cef1f\" data-element_type=\"widget\" data-widget_type=\"heading.default\">\n\t\t\t\t<div class=\"elementor-widget-container\">\n\t\t\t\t\t<h2 class=\"elementor-heading-title elementor-size-default\">Bliss &amp; Body Fitness and Wellness<\/h2>\t\t\t\t<\/div>\n\t\t\t\t<\/div>\n\t\t\t\t<div class=\"elementor-element elementor-element-7669dd2c elementor-widget elementor-widget-text-editor\" data-id=\"7669dd2c\" data-element_type=\"widget\" data-widget_type=\"text-editor.default\">\n\t\t\t\t<div class=\"elementor-widget-container\">\n\t\t\t\t\t\t\t\t\t<p>Pihenje ki mag\u00e1t egy hossz\u00fa nap ut\u00e1n!\n\nA wellness \u00e9s fitnesz r\u00e9szleg el\u00e9rhet\u0151 a Bliss wellness sz\u00e1lloda minden vend\u00e9ge sz\u00e1m\u00e1ra.\n\nA fitnesz r\u00e9szleg modern technogym kardi\u00f3 \u00e9s er\u0151s\u00edt\u0151g\u00e9pekkel van felszerelve, illetve funkcion\u00e1lis edz\u0151term\u00fcnk tov\u00e1bbi v\u00e1ltozatos edz\u00e9sprogramokra ny\u00fajt lehet\u0151s\u00e9get. Wellness r\u00e9szleg\u00fcnkben mindent megtal\u00e1l a teljes fizikai felt\u00f6lt\u0151d\u00e9shez: 17 m hossz\u00fa \u00fasz\u00f3medence, jacuzzi, finn szauna, g\u0151zf\u00fcrd\u0151 \u00e9s szol\u00e1rium. Massz\u00e1zs is ig\u00e9nybe vehet\u0151 kieg\u00e9sz\u00edt\u0151 szolg\u00e1ltat\u00e1sk\u00e9nt.\n\nTov\u00e1bbi inform\u00e1ci\u00f3k\u00e9rt l\u00e1togasson el a weboldalra:<\/p>\t\t\t\t\t\t\t\t<\/div>\n\t\t\t\t<\/div>\n\t\t\t\t<\/div>\n\t\t<div class=\"elementor-element elementor-element-2ba8f525 e-con-full e-flex e-con e-child\" data-id=\"2ba8f525\" data-element_type=\"container\" data-settings=\"{&quot;background_background&quot;:&quot;classic&quot;}\">\n\t\t\t\t<div class=\"elementor-element elementor-element-771d11b9 elementor-widget elementor-widget-heading\" data-id=\"771d11b9\" data-element_type=\"widget\" data-widget_type=\"heading.default\">\n\t\t\t\t<div class=\"elementor-widget-container\">\n\t\t\t\t\t<h2 class=\"elementor-heading-title elementor-size-default\">Nyitvatart\u00e1s<\/h2>\t\t\t\t<\/div>\n\t\t\t\t<\/div>\n\t\t<div class=\"elementor-element elementor-element-a8ffccb e-con-full e-flex e-con e-child\" data-id=\"a8ffccb\" data-element_type=\"container\">\n\t\t\t\t<div class=\"elementor-element elementor-element-0761b3d elementor-widget elementor-widget-heading\" data-id=\"0761b3d\" data-element_type=\"widget\" data-widget_type=\"heading.default\">\n\t\t\t\t<div class=\"elementor-widget-container\">\n\t\t\t\t\t<h2 class=\"elementor-heading-title elementor-size-default\">H\u00e9tk\u00f6znap: 06:30-22:00<\/h2>\t\t\t\t<\/div>\n\t\t\t\t<\/div>\n\t\t\t\t<div class=\"elementor-element elementor-element-db2bcd6 elementor-hidden-mobile elementor-widget elementor-widget-heading\" data-id=\"db2bcd6\" data-element_type=\"widget\" data-widget_type=\"heading.default\">\n\t\t\t\t<div class=\"elementor-widget-container\">\n\t\t\t\t\t<h2 class=\"elementor-heading-title elementor-size-default\"> | <\/h2>\t\t\t\t<\/div>\n\t\t\t\t<\/div>\n\t\t\t\t<div class=\"elementor-element elementor-element-9aa6e83 elementor-widget elementor-widget-heading\" data-id=\"9aa6e83\" data-element_type=\"widget\" data-widget_type=\"heading.default\">\n\t\t\t\t<div class=\"elementor-widget-container\">\n\t\t\t\t\t<h2 class=\"elementor-heading-title elementor-size-default\">     H\u00e9tv\u00e9g\u00e9n: 08:00-22:00<\/h2>\t\t\t\t<\/div>\n\t\t\t\t<\/div>\n\t\t\t\t<\/div>\n\t\t\t\t<\/div>\n\t\t<div class=\"elementor-element elementor-element-173d3221 e-con-full e-flex e-con e-child\" data-id=\"173d3221\" data-element_type=\"container\">\n\t\t\t\t<div class=\"elementor-element elementor-element-6d4c0b6 elementor-align-center elementor-widget elementor-widget-button\" data-id=\"6d4c0b6\" data-element_type=\"widget\" data-widget_type=\"button.default\">\n\t\t\t\t<div class=\"elementor-widget-container\">\n\t\t\t\t\t\t\t\t\t<div class=\"elementor-button-wrapper\">\n\t\t\t\t\t<a class=\"elementor-button elementor-button-link elementor-size-sm\" href=\"https:\/\/blissandbody.hu\/en\/\">\n\t\t\t\t\t\t<span class=\"elementor-button-content-wrapper\">\n\t\t\t\t\t\t\t\t\t<span class=\"elementor-button-text\">Weboldal<\/span>\n\t\t\t\t\t<\/span>\n\t\t\t\t\t<\/a>\n\t\t\t\t<\/div>\n\t\t\t\t\t\t\t\t<\/div>\n\t\t\t\t<\/div>\n\t\t\t\t<\/div>\n\t\t<div class=\"elementor-element elementor-element-619a23dc e-con-full e-flex e-con e-child\" data-id=\"619a23dc\" data-element_type=\"container\">\n\t\t<div class=\"elementor-element elementor-element-6090bb70 e-con-full e-flex e-con e-child\" data-id=\"6090bb70\" data-element_type=\"container\">\n\t\t\t\t<div class=\"elementor-element elementor-element-9c9dfb0 elementor-widget elementor-widget-video\" data-id=\"9c9dfb0\" data-element_type=\"widget\" data-settings=\"{&quot;youtube_url&quot;:&quot;https:\\\/\\\/www.youtube.com\\\/watch?v=uNnPvTvrKco&amp;t=2s&quot;,&quot;video_type&quot;:&quot;youtube&quot;,&quot;controls&quot;:&quot;yes&quot;}\" data-widget_type=\"video.default\">\n\t\t\t\t<div class=\"elementor-widget-container\">\n\t\t\t\t\t\t\t<div class=\"elementor-wrapper elementor-open-inline\">\n\t\t\t<div class=\"elementor-video\"><\/div>\t\t<\/div>\n\t\t\t\t\t\t<\/div>\n\t\t\t\t<\/div>\n\t\t\t\t<\/div>\n\t\t<div class=\"elementor-element elementor-element-1fdd71b3 e-con-full e-flex e-con e-child\" data-id=\"1fdd71b3\" data-element_type=\"container\">\n\t\t<div class=\"elementor-element elementor-element-6dc4c8d e-con-full e-flex e-con e-child\" data-id=\"6dc4c8d\" data-element_type=\"container\" data-settings=\"{&quot;background_background&quot;:&quot;classic&quot;}\">\n\t\t\t\t<div class=\"elementor-element elementor-element-e6ed690 elementor-widget elementor-widget-heading\" data-id=\"e6ed690\" data-element_type=\"widget\" data-widget_type=\"heading.default\">\n\t\t\t\t<div class=\"elementor-widget-container\">\n\t\t\t\t\t<h2 class=\"elementor-heading-title elementor-size-default\">Er\u0151s\u00edt\u0151 r\u00e9szleg<\/h2>\t\t\t\t<\/div>\n\t\t\t\t<\/div>\n\t\t\t\t<\/div>\n\t\t<div class=\"elementor-element elementor-element-8d2e169 e-con-full e-flex e-con e-child\" data-id=\"8d2e169\" data-element_type=\"container\" data-settings=\"{&quot;background_background&quot;:&quot;classic&quot;}\">\n\t\t\t\t<div class=\"elementor-element elementor-element-f86568a elementor-widget elementor-widget-heading\" data-id=\"f86568a\" data-element_type=\"widget\" data-widget_type=\"heading.default\">\n\t\t\t\t<div class=\"elementor-widget-container\">\n\t\t\t\t\t<h2 class=\"elementor-heading-title elementor-size-default\">Kardi\u00f3 r\u00e9szleg<\/h2>\t\t\t\t<\/div>\n\t\t\t\t<\/div>\n\t\t\t\t<\/div>\n\t\t\t\t<\/div>\n\t\t<div class=\"elementor-element elementor-element-9ad1a08 e-con-full e-flex e-con e-child\" data-id=\"9ad1a08\" data-element_type=\"container\">\n\t\t<div class=\"elementor-element elementor-element-530c45a e-con-full e-flex e-con e-child\" data-id=\"530c45a\" data-element_type=\"container\" data-settings=\"{&quot;background_background&quot;:&quot;classic&quot;}\">\n\t\t\t\t<div class=\"elementor-element elementor-element-1686e3b elementor-widget elementor-widget-heading\" data-id=\"1686e3b\" data-element_type=\"widget\" data-widget_type=\"heading.default\">\n\t\t\t\t<div class=\"elementor-widget-container\">\n\t\t\t\t\t<h2 class=\"elementor-heading-title elementor-size-default\">Funkcion\u00e1lis r\u00e9sz<\/h2>\t\t\t\t<\/div>\n\t\t\t\t<\/div>\n\t\t\t\t<\/div>\n\t\t<div class=\"elementor-element elementor-element-c3895d0 e-con-full e-flex e-con e-child\" data-id=\"c3895d0\" data-element_type=\"container\" data-settings=\"{&quot;background_background&quot;:&quot;classic&quot;}\">\n\t\t\t\t<div class=\"elementor-element elementor-element-6d46457 elementor-widget elementor-widget-heading\" data-id=\"6d46457\" data-element_type=\"widget\" data-widget_type=\"heading.default\">\n\t\t\t\t<div class=\"elementor-widget-container\">\n\t\t\t\t\t<h2 class=\"elementor-heading-title elementor-size-default\">K\u00fcl\u00f6nterem<\/h2>\t\t\t\t<\/div>\n\t\t\t\t<\/div>\n\t\t\t\t<\/div>\n\t\t\t\t<\/div>\n\t\t<div class=\"elementor-element elementor-element-83c26af e-con-full e-flex e-con e-child\" data-id=\"83c26af\" data-element_type=\"container\">\n\t\t<div class=\"elementor-element elementor-element-12104f2 e-con-full e-flex e-con e-child\" data-id=\"12104f2\" data-element_type=\"container\" data-settings=\"{&quot;background_background&quot;:&quot;classic&quot;}\">\n\t\t\t\t<div class=\"elementor-element elementor-element-ea93f0f elementor-widget elementor-widget-heading\" data-id=\"ea93f0f\" data-element_type=\"widget\" data-widget_type=\"heading.default\">\n\t\t\t\t<div class=\"elementor-widget-container\">\n\t\t\t\t\t<h2 class=\"elementor-heading-title elementor-size-default\">\u00dasz\u00f3medence<\/h2>\t\t\t\t<\/div>\n\t\t\t\t<\/div>\n\t\t\t\t<\/div>\n\t\t<div class=\"elementor-element elementor-element-b52c9c9 e-con-full e-flex e-con e-child\" data-id=\"b52c9c9\" data-element_type=\"container\" data-settings=\"{&quot;background_background&quot;:&quot;classic&quot;}\">\n\t\t\t\t<div class=\"elementor-element elementor-element-c680f53 elementor-widget elementor-widget-heading\" data-id=\"c680f53\" data-element_type=\"widget\" data-widget_type=\"heading.default\">\n\t\t\t\t<div class=\"elementor-widget-container\">\n\t\t\t\t\t<h2 class=\"elementor-heading-title elementor-size-default\">Jacuzzi<\/h2>\t\t\t\t<\/div>\n\t\t\t\t<\/div>\n\t\t\t\t<\/div>\n\t\t\t\t<\/div>\n\t\t<div class=\"elementor-element elementor-element-d5809f3 e-con-full e-flex e-con e-child\" data-id=\"d5809f3\" data-element_type=\"container\">\n\t\t<div class=\"elementor-element elementor-element-efd78e3 e-con-full e-flex e-con e-child\" data-id=\"efd78e3\" data-element_type=\"container\" data-settings=\"{&quot;background_background&quot;:&quot;classic&quot;}\">\n\t\t\t\t<div class=\"elementor-element elementor-element-f1372f9 elementor-widget elementor-widget-heading\" data-id=\"f1372f9\" data-element_type=\"widget\" data-widget_type=\"heading.default\">\n\t\t\t\t<div class=\"elementor-widget-container\">\n\t\t\t\t\t<h2 class=\"elementor-heading-title elementor-size-default\">Finn szauna<\/h2>\t\t\t\t<\/div>\n\t\t\t\t<\/div>\n\t\t\t\t<\/div>\n\t\t<div class=\"elementor-element elementor-element-e92c77e e-con-full e-flex e-con e-child\" data-id=\"e92c77e\" data-element_type=\"container\" data-settings=\"{&quot;background_background&quot;:&quot;classic&quot;}\">\n\t\t\t\t<div class=\"elementor-element elementor-element-d20cf39 elementor-widget elementor-widget-heading\" data-id=\"d20cf39\" data-element_type=\"widget\" data-widget_type=\"heading.default\">\n\t\t\t\t<div class=\"elementor-widget-container\">\n\t\t\t\t\t<h2 class=\"elementor-heading-title elementor-size-default\">G\u0151zkabin<\/h2>\t\t\t\t<\/div>\n\t\t\t\t<\/div>\n\t\t\t\t<\/div>\n\t\t\t\t<\/div>\n\t\t<div class=\"elementor-element elementor-element-140bfdd1 e-con-full e-flex e-con e-child\" data-id=\"140bfdd1\" data-element_type=\"container\" data-settings=\"{&quot;background_background&quot;:&quot;classic&quot;}\">\n\t\t\t\t<div class=\"elementor-element elementor-element-57354e2 elementor-widget elementor-widget-heading\" data-id=\"57354e2\" data-element_type=\"widget\" data-widget_type=\"heading.default\">\n\t\t\t\t<div class=\"elementor-widget-container\">\n\t\t\t\t\t<h2 class=\"elementor-heading-title elementor-size-default\">Massz\u00e1zs<\/h2>\t\t\t\t<\/div>\n\t\t\t\t<\/div>\n\t\t\t\t<div class=\"elementor-element elementor-element-178ad63 elementor-widget elementor-widget-text-editor\" data-id=\"178ad63\" data-element_type=\"widget\" data-widget_type=\"text-editor.default\">\n\t\t\t\t<div class=\"elementor-widget-container\">\n\t\t\t\t\t\t\t\t\t<p>Sv\u00e9d  |  Relax\u00e1ci\u00f3s  |  Friss\u00edt\u0151  |  Sport  |  R\u00e9sz  |  Talpmassz\u00e1zs<\/p>\t\t\t\t\t\t\t\t<\/div>\n\t\t\t\t<\/div>\n\t\t\t\t<\/div>\n\t\t\t\t<\/div>\n\t\t\t\t\t<\/div>\n\t\t\t\t<\/div>\n\t\t\t\t<\/div>","protected":false},"excerpt":{"rendered":"<p>Fitness &amp; Wellness Enjoy the unlimited relaxation in Bliss &amp; Body Fitness and Wellness! Out hotel\u2019s policy is to provide complex services to our guests. Our wellness &amp; fitness department is one of our pride. With its modern design it is an ideal place for relaxation for the young and elderly alike. We offer wide [&hellip;]<\/p>","protected":false},"author":1,"featured_media":0,"parent":0,"menu_order":0,"comment_status":"closed","ping_status":"closed","template":"elementor_header_footer","meta":{"footnotes":""},"class_list":["post-384","page","type-page","status-publish","hentry"],"_links":{"self":[{"href":"https:\/\/blisshouse.hu\/hu\/wp-json\/wp\/v2\/pages\/384","targetHints":{"allow":["GET"]}}],"collection":[{"href":"https:\/\/blisshouse.hu\/hu\/wp-json\/wp\/v2\/pages"}],"about":[{"href":"https:\/\/blisshouse.hu\/hu\/wp-json\/wp\/v2\/types\/page"}],"author":[{"embeddable":true,"href":"https:\/\/blisshouse.hu\/hu\/wp-json\/wp\/v2\/users\/1"}],"replies":[{"embeddable":true,"href":"https:\/\/blisshouse.hu\/hu\/wp-json\/wp\/v2\/comments?post=384"}],"version-history":[{"count":5,"href":"https:\/\/blisshouse.hu\/hu\/wp-json\/wp\/v2\/pages\/384\/revisions"}],"predecessor-version":[{"id":742,"href":"https:\/\/blisshouse.hu\/hu\/wp-json\/wp\/v2\/pages\/384\/revisions\/742"}],"wp:attachment":[{"href":"https:\/\/blisshouse.hu\/hu\/wp-json\/wp\/v2\/media?parent=384"}],"curies":[{"name":"wp","href":"https:\/\/api.w.org\/{rel}","templated":true}]}}