{"id":366,"date":"2024-11-12T13:29:09","date_gmt":"2024-11-12T13:29:09","guid":{"rendered":"https:\/\/bliss.coredesign.store\/?page_id=366"},"modified":"2024-11-28T15:52:11","modified_gmt":"2024-11-28T15:52:11","slug":"superior-two-bedroom-apartment-for-4","status":"publish","type":"page","link":"https:\/\/blisshouse.hu\/hu\/superior-two-bedroom-apartment-for-4\/","title":{"rendered":"Superior K\u00e9t h\u00e1l\u00f3szob\u00e1s Apartman 4 f\u0151 r\u00e9sz\u00e9re"},"content":{"rendered":"<div data-elementor-type=\"wp-page\" data-elementor-id=\"366\" class=\"elementor elementor-366\" data-elementor-post-type=\"page\">\n\t\t\t\t<div class=\"elementor-element elementor-element-269e1500 e-con-full e-flex e-con e-parent\" data-id=\"269e1500\" data-element_type=\"container\" data-settings=\"{&quot;background_background&quot;:&quot;classic&quot;}\">\n\t\t\t\t<div class=\"elementor-element elementor-element-3cd2cb0 elementor-widget elementor-widget-heading\" data-id=\"3cd2cb0\" data-element_type=\"widget\" data-widget_type=\"heading.default\">\n\t\t\t\t<div class=\"elementor-widget-container\">\n\t\t\t\t\t<h2 class=\"elementor-heading-title elementor-size-default\">Superior K\u00e9t h\u00e1l\u00f3szob\u00e1s Apartman 4 f\u0151 r\u00e9sz\u00e9re<\/h2>\t\t\t\t<\/div>\n\t\t\t\t<\/div>\n\t\t\t\t<\/div>\n\t\t<div class=\"elementor-element elementor-element-651f20c3 e-flex e-con-boxed e-con e-parent\" data-id=\"651f20c3\" data-element_type=\"container\">\n\t\t\t\t\t<div class=\"e-con-inner\">\n\t\t<div class=\"elementor-element elementor-element-4578214a e-con-full e-flex e-con e-child\" data-id=\"4578214a\" data-element_type=\"container\">\n\t\t\t\t<div class=\"elementor-element elementor-element-7b887994 elementor-widget elementor-widget-heading\" data-id=\"7b887994\" data-element_type=\"widget\" data-widget_type=\"heading.default\">\n\t\t\t\t<div class=\"elementor-widget-container\">\n\t\t\t\t\t<h2 class=\"elementor-heading-title elementor-size-default\">Superior K\u00e9t h\u00e1l\u00f3szob\u00e1s Apartman 4 f\u0151 r\u00e9sz\u00e9re<\/h2>\t\t\t\t<\/div>\n\t\t\t\t<\/div>\n\t\t\t\t<div class=\"elementor-element elementor-element-564db228 elementor-widget elementor-widget-text-editor\" data-id=\"564db228\" data-element_type=\"widget\" data-widget_type=\"text-editor.default\">\n\t\t\t\t<div class=\"elementor-widget-container\">\n\t\t\t\t\t\t\t\t\t<p class=\"translation-block\">A 70 n\u00e9gyzetm\u00e9teres K\u00e9t h\u00e1l\u00f3szob\u00e1s Apartmanok a legexkluz\u00edvabb szobat\u00edpusok, amelyeket  a <b>Bliss Boarding House<\/b> k\u00edn\u00e1l. Kett\u0151 a 7. emeleten, egy pedig az 5. emeleten tal\u00e1lhat\u00f3, \u00e9s mindegyik leny\u0171g\u00f6z\u0151 kil\u00e1t\u00e1st ny\u00fajt a v\u00e1rosra. Az eleg\u00e1nsan kialak\u00edtott lakoszt\u00e1ly k\u00e9t k\u00fcl\u00f6n\u00e1ll\u00f3 h\u00e1l\u00f3szob\u00e1val rendelkezik, luxus francia\u00e1gyakkal, t\u00e1gas, l\u00e9gkondicion\u00e1lt nappalival \u00e9s h\u00e1l\u00f3szob\u00e1val, egy j\u00f3l felszerelt amerikai st\u00edlus\u00fa konyh\u00e1val \u00e9s \u00e9tkez\u0151vel, biztos\u00edtva minden k\u00e9nyelmet, amire sz\u00fcks\u00e9g van egy hossz\u00fa nap ut\u00e1n Budapesten. A nappaliban k\u00e9nyelmes kanap\u00e9, asztal, LCD TV helyi \u00e9s nemzetk\u00f6zi csatorn\u00e1kkal, valamint ingyenes Wi-Fi internet hozz\u00e1f\u00e9r\u00e9s tal\u00e1lhat\u00f3.<\/p><p>Apartmanjainkban el\u00e9rhet\u0151 \u00e1gyak m\u00e9rete: 180x200 cm<\/p>\t\t\t\t\t\t\t\t<\/div>\n\t\t\t\t<\/div>\n\t\t\t\t<\/div>\n\t\t<div class=\"elementor-element elementor-element-2992fbd4 e-con-full e-flex e-con e-child\" data-id=\"2992fbd4\" data-element_type=\"container\" data-settings=\"{&quot;background_background&quot;:&quot;classic&quot;}\">\n\t\t\t\t<div class=\"elementor-element elementor-element-7e6e4589 elementor-widget elementor-widget-heading\" data-id=\"7e6e4589\" data-element_type=\"widget\" data-widget_type=\"heading.default\">\n\t\t\t\t<div class=\"elementor-widget-container\">\n\t\t\t\t\t<h2 class=\"elementor-heading-title elementor-size-default\">Szoba felszerelts\u00e9ge<\/h2>\t\t\t\t<\/div>\n\t\t\t\t<\/div>\n\t\t\t\t<div class=\"elementor-element elementor-element-16af3cef elementor-hidden-widescreen elementor-hidden-desktop elementor-hidden-laptop elementor-hidden-tablet_extra elementor-hidden-tablet elementor-hidden-mobile_extra elementor-hidden-mobile elementor-widget elementor-widget-image\" data-id=\"16af3cef\" data-element_type=\"widget\" data-widget_type=\"image.default\">\n\t\t\t\t<div class=\"elementor-widget-container\">\n\t\t\t\t\t\t\t\t\t\t\t\t\t\t\t<img fetchpriority=\"high\" decoding=\"async\" width=\"800\" height=\"78\" src=\"https:\/\/blisshouse.hu\/wp-content\/uploads\/2024\/11\/roomamenities-1-1-4.jpg\" class=\"attachment-large size-large wp-image-370\" alt=\"\" srcset=\"https:\/\/blisshouse.hu\/wp-content\/uploads\/2024\/11\/roomamenities-1-1-4.jpg 1021w, https:\/\/blisshouse.hu\/wp-content\/uploads\/2024\/11\/roomamenities-1-1-4-300x29.jpg 300w, https:\/\/blisshouse.hu\/wp-content\/uploads\/2024\/11\/roomamenities-1-1-4-768x75.jpg 768w\" sizes=\"(max-width: 800px) 100vw, 800px\" \/>\t\t\t\t\t\t\t\t\t\t\t\t\t\t\t<\/div>\n\t\t\t\t<\/div>\n\t\t<div class=\"elementor-element elementor-element-062811e e-con-full e-flex e-con e-child\" data-id=\"062811e\" data-element_type=\"container\">\n\t\t\t\t<div class=\"elementor-element elementor-element-c770f53 elementor-widget__width-initial elementor-position-top elementor-widget elementor-widget-image-box\" data-id=\"c770f53\" data-element_type=\"widget\" data-widget_type=\"image-box.default\">\n\t\t\t\t<div class=\"elementor-widget-container\">\n\t\t\t\t\t<div class=\"elementor-image-box-wrapper\"><figure class=\"elementor-image-box-img\"><img decoding=\"async\" width=\"60\" height=\"60\" src=\"https:\/\/blisshouse.hu\/wp-content\/uploads\/2024\/11\/wifi.png\" class=\"attachment-full size-full wp-image-867\" alt=\"\" srcset=\"https:\/\/blisshouse.hu\/wp-content\/uploads\/2024\/11\/wifi.png 60w, https:\/\/blisshouse.hu\/wp-content\/uploads\/2024\/11\/wifi-12x12.png 12w\" sizes=\"(max-width: 60px) 100vw, 60px\" \/><\/figure><div class=\"elementor-image-box-content\"><h3 class=\"elementor-image-box-title\">Wi-Fi Internet<br>kapcsolat<\/h3><\/div><\/div>\t\t\t\t<\/div>\n\t\t\t\t<\/div>\n\t\t\t\t<div class=\"elementor-element elementor-element-6b81215 elementor-widget__width-initial elementor-position-top elementor-widget elementor-widget-image-box\" data-id=\"6b81215\" data-element_type=\"widget\" data-widget_type=\"image-box.default\">\n\t\t\t\t<div class=\"elementor-widget-container\">\n\t\t\t\t\t<div class=\"elementor-image-box-wrapper\"><figure class=\"elementor-image-box-img\"><img decoding=\"async\" width=\"60\" height=\"60\" src=\"https:\/\/blisshouse.hu\/wp-content\/uploads\/2024\/11\/amenities2.png\" class=\"attachment-full size-full wp-image-877\" alt=\"\" srcset=\"https:\/\/blisshouse.hu\/wp-content\/uploads\/2024\/11\/amenities2.png 60w, https:\/\/blisshouse.hu\/wp-content\/uploads\/2024\/11\/amenities2-12x12.png 12w\" sizes=\"(max-width: 60px) 100vw, 60px\" \/><\/figure><div class=\"elementor-image-box-content\"><h3 class=\"elementor-image-box-title\">F\u00fcrd\u0151szobai<br>piperecikkek<\/h3><\/div><\/div>\t\t\t\t<\/div>\n\t\t\t\t<\/div>\n\t\t\t\t<div class=\"elementor-element elementor-element-cbbe02c elementor-widget__width-initial elementor-position-top elementor-widget elementor-widget-image-box\" data-id=\"cbbe02c\" data-element_type=\"widget\" data-widget_type=\"image-box.default\">\n\t\t\t\t<div class=\"elementor-widget-container\">\n\t\t\t\t\t<div class=\"elementor-image-box-wrapper\"><figure class=\"elementor-image-box-img\"><img loading=\"lazy\" decoding=\"async\" width=\"60\" height=\"60\" src=\"https:\/\/blisshouse.hu\/wp-content\/uploads\/2024\/11\/kitchen.png\" class=\"attachment-full size-full wp-image-869\" alt=\"\" srcset=\"https:\/\/blisshouse.hu\/wp-content\/uploads\/2024\/11\/kitchen.png 60w, https:\/\/blisshouse.hu\/wp-content\/uploads\/2024\/11\/kitchen-12x12.png 12w\" sizes=\"(max-width: 60px) 100vw, 60px\" \/><\/figure><div class=\"elementor-image-box-content\"><h3 class=\"elementor-image-box-title\">Konyha<\/h3><\/div><\/div>\t\t\t\t<\/div>\n\t\t\t\t<\/div>\n\t\t\t\t<div class=\"elementor-element elementor-element-76a9fba elementor-widget__width-initial elementor-position-top elementor-widget elementor-widget-image-box\" data-id=\"76a9fba\" data-element_type=\"widget\" data-widget_type=\"image-box.default\">\n\t\t\t\t<div class=\"elementor-widget-container\">\n\t\t\t\t\t<div class=\"elementor-image-box-wrapper\"><figure class=\"elementor-image-box-img\"><img loading=\"lazy\" decoding=\"async\" width=\"60\" height=\"60\" src=\"https:\/\/blisshouse.hu\/wp-content\/uploads\/2024\/11\/safe.png\" class=\"attachment-full size-full wp-image-870\" alt=\"\" srcset=\"https:\/\/blisshouse.hu\/wp-content\/uploads\/2024\/11\/safe.png 60w, https:\/\/blisshouse.hu\/wp-content\/uploads\/2024\/11\/safe-12x12.png 12w\" sizes=\"(max-width: 60px) 100vw, 60px\" \/><\/figure><div class=\"elementor-image-box-content\"><h3 class=\"elementor-image-box-title\">Biztons\u00e1gos<br>t\u00e1rol\u00f3<\/h3><\/div><\/div>\t\t\t\t<\/div>\n\t\t\t\t<\/div>\n\t\t\t\t<div class=\"elementor-element elementor-element-2cbeed2 elementor-widget__width-initial elementor-position-top elementor-widget elementor-widget-image-box\" data-id=\"2cbeed2\" data-element_type=\"widget\" data-widget_type=\"image-box.default\">\n\t\t\t\t<div class=\"elementor-widget-container\">\n\t\t\t\t\t<div class=\"elementor-image-box-wrapper\"><figure class=\"elementor-image-box-img\"><img loading=\"lazy\" decoding=\"async\" width=\"60\" height=\"60\" src=\"https:\/\/blisshouse.hu\/wp-content\/uploads\/2024\/11\/extrabed.png\" class=\"attachment-full size-full wp-image-872\" alt=\"\" srcset=\"https:\/\/blisshouse.hu\/wp-content\/uploads\/2024\/11\/extrabed.png 60w, https:\/\/blisshouse.hu\/wp-content\/uploads\/2024\/11\/extrabed-12x12.png 12w\" sizes=\"(max-width: 60px) 100vw, 60px\" \/><\/figure><div class=\"elementor-image-box-content\"><h3 class=\"elementor-image-box-title\">P\u00f3t\u00e1gy<br>(k\u00e9r\u00e9sre)<\/h3><\/div><\/div>\t\t\t\t<\/div>\n\t\t\t\t<\/div>\n\t\t\t\t<div class=\"elementor-element elementor-element-f01cc75 elementor-widget__width-initial elementor-position-top elementor-widget elementor-widget-image-box\" data-id=\"f01cc75\" data-element_type=\"widget\" data-widget_type=\"image-box.default\">\n\t\t\t\t<div class=\"elementor-widget-container\">\n\t\t\t\t\t<div class=\"elementor-image-box-wrapper\"><figure class=\"elementor-image-box-img\"><img loading=\"lazy\" decoding=\"async\" width=\"60\" height=\"60\" src=\"https:\/\/blisshouse.hu\/wp-content\/uploads\/2024\/11\/desk.png\" class=\"attachment-full size-full wp-image-871\" alt=\"\" srcset=\"https:\/\/blisshouse.hu\/wp-content\/uploads\/2024\/11\/desk.png 60w, https:\/\/blisshouse.hu\/wp-content\/uploads\/2024\/11\/desk-12x12.png 12w\" sizes=\"(max-width: 60px) 100vw, 60px\" \/><\/figure><div class=\"elementor-image-box-content\"><h3 class=\"elementor-image-box-title\">Asztal<\/h3><\/div><\/div>\t\t\t\t<\/div>\n\t\t\t\t<\/div>\n\t\t\t\t<div class=\"elementor-element elementor-element-eef8ac6 elementor-widget__width-initial elementor-position-top elementor-widget elementor-widget-image-box\" data-id=\"eef8ac6\" data-element_type=\"widget\" data-widget_type=\"image-box.default\">\n\t\t\t\t<div class=\"elementor-widget-container\">\n\t\t\t\t\t<div class=\"elementor-image-box-wrapper\"><figure class=\"elementor-image-box-img\"><img loading=\"lazy\" decoding=\"async\" width=\"60\" height=\"60\" src=\"https:\/\/blisshouse.hu\/wp-content\/uploads\/2024\/11\/minibar.png\" class=\"attachment-full size-full wp-image-873\" alt=\"\" srcset=\"https:\/\/blisshouse.hu\/wp-content\/uploads\/2024\/11\/minibar.png 60w, https:\/\/blisshouse.hu\/wp-content\/uploads\/2024\/11\/minibar-12x12.png 12w\" sizes=\"(max-width: 60px) 100vw, 60px\" \/><\/figure><div class=\"elementor-image-box-content\"><h3 class=\"elementor-image-box-title\">Minib\u00e1r<\/h3><\/div><\/div>\t\t\t\t<\/div>\n\t\t\t\t<\/div>\n\t\t\t\t<div class=\"elementor-element elementor-element-93f83b1 elementor-widget__width-initial elementor-position-top elementor-widget elementor-widget-image-box\" data-id=\"93f83b1\" data-element_type=\"widget\" data-widget_type=\"image-box.default\">\n\t\t\t\t<div class=\"elementor-widget-container\">\n\t\t\t\t\t<div class=\"elementor-image-box-wrapper\"><figure class=\"elementor-image-box-img\"><img loading=\"lazy\" decoding=\"async\" width=\"60\" height=\"60\" src=\"https:\/\/blisshouse.hu\/wp-content\/uploads\/2024\/11\/hairdryer.png\" class=\"attachment-full size-full wp-image-874\" alt=\"\" srcset=\"https:\/\/blisshouse.hu\/wp-content\/uploads\/2024\/11\/hairdryer.png 60w, https:\/\/blisshouse.hu\/wp-content\/uploads\/2024\/11\/hairdryer-12x12.png 12w\" sizes=\"(max-width: 60px) 100vw, 60px\" \/><\/figure><div class=\"elementor-image-box-content\"><h3 class=\"elementor-image-box-title\">Hajsz\u00e1r\u00edt\u00f3<\/h3><\/div><\/div>\t\t\t\t<\/div>\n\t\t\t\t<\/div>\n\t\t\t\t<div class=\"elementor-element elementor-element-eba0ef2 elementor-widget__width-initial elementor-position-top elementor-widget elementor-widget-image-box\" data-id=\"eba0ef2\" data-element_type=\"widget\" data-widget_type=\"image-box.default\">\n\t\t\t\t<div class=\"elementor-widget-container\">\n\t\t\t\t\t<div class=\"elementor-image-box-wrapper\"><figure class=\"elementor-image-box-img\"><img loading=\"lazy\" decoding=\"async\" width=\"60\" height=\"60\" src=\"https:\/\/blisshouse.hu\/wp-content\/uploads\/2024\/11\/bathtub.png\" class=\"attachment-full size-full wp-image-876\" alt=\"\" srcset=\"https:\/\/blisshouse.hu\/wp-content\/uploads\/2024\/11\/bathtub.png 60w, https:\/\/blisshouse.hu\/wp-content\/uploads\/2024\/11\/bathtub-12x12.png 12w\" sizes=\"(max-width: 60px) 100vw, 60px\" \/><\/figure><div class=\"elementor-image-box-content\"><h3 class=\"elementor-image-box-title\">F\u00fcrd\u0151k\u00e1d<\/h3><\/div><\/div>\t\t\t\t<\/div>\n\t\t\t\t<\/div>\n\t\t\t\t<div class=\"elementor-element elementor-element-6cc5242 elementor-widget__width-initial elementor-position-top elementor-widget elementor-widget-image-box\" data-id=\"6cc5242\" data-element_type=\"widget\" data-widget_type=\"image-box.default\">\n\t\t\t\t<div class=\"elementor-widget-container\">\n\t\t\t\t\t<div class=\"elementor-image-box-wrapper\"><figure class=\"elementor-image-box-img\"><img loading=\"lazy\" decoding=\"async\" width=\"60\" height=\"60\" src=\"https:\/\/blisshouse.hu\/wp-content\/uploads\/2024\/11\/tv.png\" class=\"attachment-full size-full wp-image-875\" alt=\"\" srcset=\"https:\/\/blisshouse.hu\/wp-content\/uploads\/2024\/11\/tv.png 60w, https:\/\/blisshouse.hu\/wp-content\/uploads\/2024\/11\/tv-12x12.png 12w\" sizes=\"(max-width: 60px) 100vw, 60px\" \/><\/figure><div class=\"elementor-image-box-content\"><h3 class=\"elementor-image-box-title\">LCD TV<\/h3><\/div><\/div>\t\t\t\t<\/div>\n\t\t\t\t<\/div>\n\t\t\t\t<\/div>\n\t\t\t\t<\/div>\n\t\t<div class=\"elementor-element elementor-element-57ad521d e-con-full e-flex e-con e-child\" data-id=\"57ad521d\" data-element_type=\"container\">\n\t\t\t\t<div class=\"elementor-element elementor-element-e341d9a elementor-widget elementor-widget-button\" data-id=\"e341d9a\" data-element_type=\"widget\" data-widget_type=\"button.default\">\n\t\t\t\t<div class=\"elementor-widget-container\">\n\t\t\t\t\t\t\t\t\t<div class=\"elementor-button-wrapper\">\n\t\t\t\t\t<a class=\"elementor-button elementor-button-link elementor-size-sm\" href=\"https:\/\/www.booking.com\/hotel\/hu\/broadway-budapest-superior.html?aid=330843;lang=en\">\n\t\t\t\t\t\t<span class=\"elementor-button-content-wrapper\">\n\t\t\t\t\t\t\t\t\t<span class=\"elementor-button-text\">Foglal\u00e1s<\/span>\n\t\t\t\t\t<\/span>\n\t\t\t\t\t<\/a>\n\t\t\t\t<\/div>\n\t\t\t\t\t\t\t\t<\/div>\n\t\t\t\t<\/div>\n\t\t\t\t<\/div>\n\t\t<div class=\"elementor-element elementor-element-1ff5a4a1 e-con-full e-flex e-con e-child\" data-id=\"1ff5a4a1\" data-element_type=\"container\">\n\t\t<div class=\"elementor-element elementor-element-35a8105b e-con-full e-flex e-con e-child\" data-id=\"35a8105b\" data-element_type=\"container\">\n\t\t\t\t<div class=\"elementor-element elementor-element-222c4933 elementor-widget elementor-widget-image\" data-id=\"222c4933\" data-element_type=\"widget\" data-widget_type=\"image.default\">\n\t\t\t\t<div class=\"elementor-widget-container\">\n\t\t\t\t\t\t\t\t\t\t\t\t\t\t\t\t<a href=\"http:\/\/blisshouse.hu\/wp-content\/uploads\/2024\/11\/502_nappali_4.webp\" data-elementor-open-lightbox=\"yes\" data-elementor-lightbox-title=\"502_nappali_4\" data-e-action-hash=\"#elementor-action%3Aaction%3Dlightbox%26settings%3DeyJpZCI6MTEzNiwidXJsIjoiaHR0cHM6XC9cL2JsaXNzaG91c2UuaHVcL3dwLWNvbnRlbnRcL3VwbG9hZHNcLzIwMjRcLzExXC81MDJfbmFwcGFsaV80LndlYnAifQ%3D%3D\">\n\t\t\t\t\t\t\t<img loading=\"lazy\" decoding=\"async\" width=\"1024\" height=\"768\" src=\"https:\/\/blisshouse.hu\/wp-content\/uploads\/2024\/11\/502_nappali_4.webp\" class=\"attachment-full size-full wp-image-1136\" alt=\"\" srcset=\"https:\/\/blisshouse.hu\/wp-content\/uploads\/2024\/11\/502_nappali_4.webp 1024w, https:\/\/blisshouse.hu\/wp-content\/uploads\/2024\/11\/502_nappali_4-300x225.webp 300w, https:\/\/blisshouse.hu\/wp-content\/uploads\/2024\/11\/502_nappali_4-768x576.webp 768w, https:\/\/blisshouse.hu\/wp-content\/uploads\/2024\/11\/502_nappali_4-16x12.webp 16w\" sizes=\"(max-width: 1024px) 100vw, 1024px\" \/>\t\t\t\t\t\t\t\t<\/a>\n\t\t\t\t\t\t\t\t\t\t\t\t\t\t\t<\/div>\n\t\t\t\t<\/div>\n\t\t\t\t<div class=\"elementor-element elementor-element-352bf98b elementor-widget elementor-widget-image\" data-id=\"352bf98b\" data-element_type=\"widget\" data-widget_type=\"image.default\">\n\t\t\t\t<div class=\"elementor-widget-container\">\n\t\t\t\t\t\t\t\t\t\t\t\t\t\t\t\t<a href=\"http:\/\/blisshouse.hu\/wp-content\/uploads\/2024\/11\/502_nappali_2.webp\" data-elementor-open-lightbox=\"yes\" data-elementor-lightbox-title=\"502_nappali_2\" data-e-action-hash=\"#elementor-action%3Aaction%3Dlightbox%26settings%3DeyJpZCI6MTEzOCwidXJsIjoiaHR0cHM6XC9cL2JsaXNzaG91c2UuaHVcL3dwLWNvbnRlbnRcL3VwbG9hZHNcLzIwMjRcLzExXC81MDJfbmFwcGFsaV8yLndlYnAifQ%3D%3D\">\n\t\t\t\t\t\t\t<img loading=\"lazy\" decoding=\"async\" width=\"1024\" height=\"764\" src=\"https:\/\/blisshouse.hu\/wp-content\/uploads\/2024\/11\/502_nappali_2.webp\" class=\"attachment-full size-full wp-image-1138\" alt=\"\" srcset=\"https:\/\/blisshouse.hu\/wp-content\/uploads\/2024\/11\/502_nappali_2.webp 1024w, https:\/\/blisshouse.hu\/wp-content\/uploads\/2024\/11\/502_nappali_2-300x224.webp 300w, https:\/\/blisshouse.hu\/wp-content\/uploads\/2024\/11\/502_nappali_2-768x573.webp 768w, https:\/\/blisshouse.hu\/wp-content\/uploads\/2024\/11\/502_nappali_2-16x12.webp 16w\" sizes=\"(max-width: 1024px) 100vw, 1024px\" \/>\t\t\t\t\t\t\t\t<\/a>\n\t\t\t\t\t\t\t\t\t\t\t\t\t\t\t<\/div>\n\t\t\t\t<\/div>\n\t\t\t\t<\/div>\n\t\t<div class=\"elementor-element elementor-element-7d41f5b0 e-con-full e-flex e-con e-child\" data-id=\"7d41f5b0\" data-element_type=\"container\">\n\t\t\t\t<div class=\"elementor-element elementor-element-6354443c elementor-widget elementor-widget-image\" data-id=\"6354443c\" data-element_type=\"widget\" data-widget_type=\"image.default\">\n\t\t\t\t<div class=\"elementor-widget-container\">\n\t\t\t\t\t\t\t\t\t\t\t\t\t\t\t\t<a href=\"http:\/\/blisshouse.hu\/wp-content\/uploads\/2024\/11\/502_halo_1.webp\" data-elementor-open-lightbox=\"yes\" data-elementor-lightbox-title=\"502_halo_1\" data-e-action-hash=\"#elementor-action%3Aaction%3Dlightbox%26settings%3DeyJpZCI6MTEzMiwidXJsIjoiaHR0cHM6XC9cL2JsaXNzaG91c2UuaHVcL3dwLWNvbnRlbnRcL3VwbG9hZHNcLzIwMjRcLzExXC81MDJfaGFsb18xLndlYnAifQ%3D%3D\">\n\t\t\t\t\t\t\t<img loading=\"lazy\" decoding=\"async\" width=\"1024\" height=\"766\" src=\"https:\/\/blisshouse.hu\/wp-content\/uploads\/2024\/11\/502_halo_1.webp\" class=\"attachment-full size-full wp-image-1132\" alt=\"\" srcset=\"https:\/\/blisshouse.hu\/wp-content\/uploads\/2024\/11\/502_halo_1.webp 1024w, https:\/\/blisshouse.hu\/wp-content\/uploads\/2024\/11\/502_halo_1-300x224.webp 300w, https:\/\/blisshouse.hu\/wp-content\/uploads\/2024\/11\/502_halo_1-768x575.webp 768w, https:\/\/blisshouse.hu\/wp-content\/uploads\/2024\/11\/502_halo_1-16x12.webp 16w\" sizes=\"(max-width: 1024px) 100vw, 1024px\" \/>\t\t\t\t\t\t\t\t<\/a>\n\t\t\t\t\t\t\t\t\t\t\t\t\t\t\t<\/div>\n\t\t\t\t<\/div>\n\t\t\t\t<div class=\"elementor-element elementor-element-5587eb62 elementor-widget elementor-widget-image\" data-id=\"5587eb62\" data-element_type=\"widget\" data-widget_type=\"image.default\">\n\t\t\t\t<div class=\"elementor-widget-container\">\n\t\t\t\t\t\t\t\t\t\t\t\t\t\t\t\t<a href=\"http:\/\/blisshouse.hu\/wp-content\/uploads\/2024\/11\/502_konyha_2.webp\" data-elementor-open-lightbox=\"yes\" data-elementor-lightbox-title=\"502_konyha_2\" data-e-action-hash=\"#elementor-action%3Aaction%3Dlightbox%26settings%3DeyJpZCI6MTEyOSwidXJsIjoiaHR0cHM6XC9cL2JsaXNzaG91c2UuaHVcL3dwLWNvbnRlbnRcL3VwbG9hZHNcLzIwMjRcLzExXC81MDJfa29ueWhhXzIud2VicCJ9\">\n\t\t\t\t\t\t\t<img loading=\"lazy\" decoding=\"async\" width=\"1024\" height=\"768\" src=\"https:\/\/blisshouse.hu\/wp-content\/uploads\/2024\/11\/502_konyha_2.webp\" class=\"attachment-full size-full wp-image-1129\" alt=\"\" srcset=\"https:\/\/blisshouse.hu\/wp-content\/uploads\/2024\/11\/502_konyha_2.webp 1024w, https:\/\/blisshouse.hu\/wp-content\/uploads\/2024\/11\/502_konyha_2-300x225.webp 300w, https:\/\/blisshouse.hu\/wp-content\/uploads\/2024\/11\/502_konyha_2-768x576.webp 768w, https:\/\/blisshouse.hu\/wp-content\/uploads\/2024\/11\/502_konyha_2-16x12.webp 16w\" sizes=\"(max-width: 1024px) 100vw, 1024px\" \/>\t\t\t\t\t\t\t\t<\/a>\n\t\t\t\t\t\t\t\t\t\t\t\t\t\t\t<\/div>\n\t\t\t\t<\/div>\n\t\t\t\t<\/div>\n\t\t<div class=\"elementor-element elementor-element-7b203c55 e-con-full e-flex e-con e-child\" data-id=\"7b203c55\" data-element_type=\"container\">\n\t\t\t\t<div class=\"elementor-element elementor-element-21f8b2d3 elementor-widget elementor-widget-image\" data-id=\"21f8b2d3\" data-element_type=\"widget\" data-widget_type=\"image.default\">\n\t\t\t\t<div class=\"elementor-widget-container\">\n\t\t\t\t\t\t\t\t\t\t\t\t\t\t\t\t<a href=\"http:\/\/blisshouse.hu\/wp-content\/uploads\/2024\/11\/502_furdo_2.webp\" data-elementor-open-lightbox=\"yes\" data-elementor-lightbox-title=\"502_furdo_2\" data-e-action-hash=\"#elementor-action%3Aaction%3Dlightbox%26settings%3DeyJpZCI6MTEzNCwidXJsIjoiaHR0cHM6XC9cL2JsaXNzaG91c2UuaHVcL3dwLWNvbnRlbnRcL3VwbG9hZHNcLzIwMjRcLzExXC81MDJfZnVyZG9fMi53ZWJwIn0%3D\">\n\t\t\t\t\t\t\t<img loading=\"lazy\" decoding=\"async\" width=\"768\" height=\"1024\" src=\"https:\/\/blisshouse.hu\/wp-content\/uploads\/2024\/11\/502_furdo_2-768x1024.webp\" class=\"attachment-large size-large wp-image-1134\" alt=\"\" srcset=\"https:\/\/blisshouse.hu\/wp-content\/uploads\/2024\/11\/502_furdo_2-768x1025.webp 768w, https:\/\/blisshouse.hu\/wp-content\/uploads\/2024\/11\/502_furdo_2-225x300.webp 225w, https:\/\/blisshouse.hu\/wp-content\/uploads\/2024\/11\/502_furdo_2-9x12.webp 9w, https:\/\/blisshouse.hu\/wp-content\/uploads\/2024\/11\/502_furdo_2.webp 1024w\" sizes=\"(max-width: 768px) 100vw, 768px\" \/>\t\t\t\t\t\t\t\t<\/a>\n\t\t\t\t\t\t\t\t\t\t\t\t\t\t\t<\/div>\n\t\t\t\t<\/div>\n\t\t\t\t<div class=\"elementor-element elementor-element-7db31357 elementor-widget elementor-widget-image\" data-id=\"7db31357\" data-element_type=\"widget\" data-widget_type=\"image.default\">\n\t\t\t\t<div class=\"elementor-widget-container\">\n\t\t\t\t\t\t\t\t\t\t\t\t\t\t\t\t<a href=\"http:\/\/blisshouse.hu\/wp-content\/uploads\/2024\/11\/502_furdo_1.webp\" data-elementor-open-lightbox=\"yes\" data-elementor-lightbox-title=\"502_furdo_1\" data-e-action-hash=\"#elementor-action%3Aaction%3Dlightbox%26settings%3DeyJpZCI6MTEzMywidXJsIjoiaHR0cHM6XC9cL2JsaXNzaG91c2UuaHVcL3dwLWNvbnRlbnRcL3VwbG9hZHNcLzIwMjRcLzExXC81MDJfZnVyZG9fMS53ZWJwIn0%3D\">\n\t\t\t\t\t\t\t<img loading=\"lazy\" decoding=\"async\" width=\"768\" height=\"1024\" src=\"https:\/\/blisshouse.hu\/wp-content\/uploads\/2024\/11\/502_furdo_1-768x1024.webp\" class=\"attachment-large size-large wp-image-1133\" alt=\"\" srcset=\"https:\/\/blisshouse.hu\/wp-content\/uploads\/2024\/11\/502_furdo_1-768x1025.webp 768w, https:\/\/blisshouse.hu\/wp-content\/uploads\/2024\/11\/502_furdo_1-225x300.webp 225w, https:\/\/blisshouse.hu\/wp-content\/uploads\/2024\/11\/502_furdo_1-9x12.webp 9w, https:\/\/blisshouse.hu\/wp-content\/uploads\/2024\/11\/502_furdo_1.webp 1024w\" sizes=\"(max-width: 768px) 100vw, 768px\" \/>\t\t\t\t\t\t\t\t<\/a>\n\t\t\t\t\t\t\t\t\t\t\t\t\t\t\t<\/div>\n\t\t\t\t<\/div>\n\t\t\t\t<\/div>\n\t\t\t\t<\/div>\n\t\t\t\t\t<\/div>\n\t\t\t\t<\/div>\n\t\t\t\t<\/div>","protected":false},"excerpt":{"rendered":"<p>Superior Two-Bedroom Apartment For 4 Superior Two-Bedroom Apartment For 4 The 70 square meter Two-Bedroom Apartments are the most exclusive room types that\u00a0Bliss Boarding House\u00a0offers. The elegantly designed suite features two separate bedrooms with luxurious double beds, a spacious air-conditioned bedroom\u00a0and living room, a well-equipped American-style kitchen with a dining area, and all the comforts [&hellip;]<\/p>","protected":false},"author":1,"featured_media":0,"parent":0,"menu_order":0,"comment_status":"closed","ping_status":"closed","template":"elementor_header_footer","meta":{"footnotes":""},"class_list":["post-366","page","type-page","status-publish","hentry"],"_links":{"self":[{"href":"https:\/\/blisshouse.hu\/hu\/wp-json\/wp\/v2\/pages\/366","targetHints":{"allow":["GET"]}}],"collection":[{"href":"https:\/\/blisshouse.hu\/hu\/wp-json\/wp\/v2\/pages"}],"about":[{"href":"https:\/\/blisshouse.hu\/hu\/wp-json\/wp\/v2\/types\/page"}],"author":[{"embeddable":true,"href":"https:\/\/blisshouse.hu\/hu\/wp-json\/wp\/v2\/users\/1"}],"replies":[{"embeddable":true,"href":"https:\/\/blisshouse.hu\/hu\/wp-json\/wp\/v2\/comments?post=366"}],"version-history":[{"count":5,"href":"https:\/\/blisshouse.hu\/hu\/wp-json\/wp\/v2\/pages\/366\/revisions"}],"predecessor-version":[{"id":1277,"href":"https:\/\/blisshouse.hu\/hu\/wp-json\/wp\/v2\/pages\/366\/revisions\/1277"}],"wp:attachment":[{"href":"https:\/\/blisshouse.hu\/hu\/wp-json\/wp\/v2\/media?parent=366"}],"curies":[{"name":"wp","href":"https:\/\/api.w.org\/{rel}","templated":true}]}}