{"id":156,"date":"2024-11-11T19:21:51","date_gmt":"2024-11-11T19:21:51","guid":{"rendered":"https:\/\/bliss.coredesign.store\/?page_id=156"},"modified":"2025-01-28T11:17:40","modified_gmt":"2025-01-28T11:17:40","slug":"about-us","status":"publish","type":"page","link":"https:\/\/blisshouse.hu\/hu\/about-us\/","title":{"rendered":"R\u00f3lunk"},"content":{"rendered":"<div data-elementor-type=\"wp-page\" data-elementor-id=\"156\" class=\"elementor elementor-156\" data-elementor-post-type=\"page\">\n\t\t\t\t<div class=\"elementor-element elementor-element-497f3df e-flex e-con-boxed e-con e-parent\" data-id=\"497f3df\" data-element_type=\"container\" data-settings=\"{&quot;background_background&quot;:&quot;classic&quot;}\">\n\t\t\t\t\t<div class=\"e-con-inner\">\n\t\t<div class=\"elementor-element elementor-element-e2a06ad e-con-full e-flex e-con e-child\" data-id=\"e2a06ad\" data-element_type=\"container\" data-settings=\"{&quot;background_background&quot;:&quot;classic&quot;}\">\n\t\t\t\t<div class=\"elementor-element elementor-element-a0e1ed3 elementor-widget elementor-widget-heading\" data-id=\"a0e1ed3\" data-element_type=\"widget\" data-widget_type=\"heading.default\">\n\t\t\t\t<div class=\"elementor-widget-container\">\n\t\t\t\t\t<h1 class=\"elementor-heading-title elementor-size-default\">R\u00f3lunk<\/h1>\t\t\t\t<\/div>\n\t\t\t\t<\/div>\n\t\t\t\t<\/div>\n\t\t\t\t\t<\/div>\n\t\t\t\t<\/div>\n\t\t<div class=\"elementor-element elementor-element-c3a5743 e-flex e-con-boxed e-con e-parent\" data-id=\"c3a5743\" data-element_type=\"container\">\n\t\t\t\t\t<div class=\"e-con-inner\">\n\t\t\t\t<div class=\"elementor-element elementor-element-e80e993 elementor-widget elementor-widget-heading\" data-id=\"e80e993\" data-element_type=\"widget\" data-widget_type=\"heading.default\">\n\t\t\t\t<div class=\"elementor-widget-container\">\n\t\t\t\t\t<h2 class=\"elementor-heading-title elementor-size-default\">\u00dcdv\u00f6z\u00f6lj\u00fck az  Bliss Boarding House-ban!<\/h2>\t\t\t\t<\/div>\n\t\t\t\t<\/div>\n\t\t\t\t<div class=\"elementor-element elementor-element-23b372c elementor-widget elementor-widget-text-editor\" data-id=\"23b372c\" data-element_type=\"widget\" data-widget_type=\"text-editor.default\">\n\t\t\t\t<div class=\"elementor-widget-container translation-block\">Panzi\u00f3nk ide\u00e1lisan egy csendes mell\u00e9kutc\u00e1ban tal\u00e1lhat\u00f3, mind\u00f6ssze n\u00e9h\u00e1ny l\u00e9p\u00e9sre a UNESCO Vil\u00e1g\u00f6r\u00f6ks\u00e9g r\u00e9sz\u00e9t k\u00e9pez\u0151 Andr\u00e1ssy \u00fatt\u00f3l, Budapest h\u00edres bev\u00e1s\u00e1rl\u00f3 \u00e9s kultur\u00e1lis negyed\u00e9t\u0151l. A Liszt Ferenc t\u00e9r, ahol a v\u00e1ros legjobb \u00e9ttermei \u00e9s k\u00e1v\u00e9z\u00f3i tal\u00e1lhat\u00f3k, mind\u00f6ssze egy perc s\u00e9t\u00e1ra van t\u0151l\u00fcnk. Az Oktogon metr\u00f3\u00e1llom\u00e1s, az Operah\u00e1z \u00e9s a Nagymez\u0151 utca, Budapest kultur\u00e1lis k\u00f6zpontja, szint\u00e9n egy percre tal\u00e1lhat\u00f3. Panzi\u00f3nk t\u00f6k\u00e9letes helysz\u00ednt biztos\u00edt a v\u00e1ros pezsg\u0151 \u00e9lete mellett, mik\u00f6zben egy nyugodt, csendes mened\u00e9ket k\u00edn\u00e1l.<\/div>\n\t\t\t\t<\/div>\n\t\t\t\t<div class=\"elementor-element elementor-element-802cdab elementor-widget elementor-widget-text-editor\" data-id=\"802cdab\" data-element_type=\"widget\" data-widget_type=\"text-editor.default\">\n\t\t\t\t<div class=\"elementor-widget-container\">\n\t\t\t\t\t\t\t\t\t<p>C\u00e9lunk, hogy minden vend\u00e9g\u00fcnk sz\u00e1m\u00e1ra a mindennapi \u00e9lethez sz\u00fcks\u00e9ges k\u00e9nyelmi szolg\u00e1ltat\u00e1sokat biztos\u00edtsunk. Legyen sz\u00f3 parkol\u00e1sr\u00f3l a v\u00e1ros sz\u00edv\u00e9ben,  pihen\u00e9si lehet\u0151s\u00e9gr\u0151l, vagy egy finom reggelir\u0151l a nap ind\u00edt\u00e1s\u00e1hoz, mi mindent megtesz\u00fcnk az\u00e9rt, hogy a legjobb min\u0151s\u00e9g\u0171 szolg\u00e1ltat\u00e1sokat biztos\u00edtsuk.<\/p><p>Sz\u00e1ll\u00e1saink sz\u00e9les v\u00e1laszt\u00e9kot k\u00edn\u00e1lnak minden ig\u00e9nynek megfelel\u0151en. V\u00e1lasszon egy- vagy k\u00e9t h\u00e1l\u00f3szob\u00e1s, gondosan megtervezett apartmanjaink k\u00f6z\u00fcl! Minden modern apartmanunk ingyenes Wi-Fi-vel, l\u00e9gkondicion\u00e1l\u00e1ssal \u00e9s LCD telev\u00edzi\u00f3val rendelkezik, amelyen nemzetk\u00f6zi \u00e9s magyar csatorn\u00e1k sz\u00e9les v\u00e1laszt\u00e9ka \u00e9rhet\u0151 el.<\/p><p>Minden apartmanunk teljesen felszerelt konyh\u00e1val rendelkezik, amely ide\u00e1lis m\u00e9g hosszabb tart\u00f3zkod\u00e1s eset\u00e9n is. A konyh\u00e1kban megtal\u00e1lhat\u00f3 minden, amire sz\u00fcks\u00e9ge lehet: be\u00e9p\u00edtett s\u00fct\u0151, keny\u00e9rpir\u00edt\u00f3, v\u00edzforral\u00f3, h\u0171t\u0151szekr\u00e9ny fagyaszt\u00f3val, t\u00e1ny\u00e9rok \u00e9s ev\u0151eszk\u00f6z\u00f6k. A f\u00fcrd\u0151szob\u00e1k zuhanyz\u00f3val vagy f\u00fcrd\u0151k\u00e1ddal, WC-vel, hajsz\u00e1r\u00edt\u00f3val \u00e9s alapvet\u0151 tiszt\u00e1lkod\u00f3szerekkel vannak felszerelve.<\/p><p class=\"translation-block\">Panzi\u00f3nk t\u00f6k\u00e9letes v\u00e1laszt\u00e1s azok sz\u00e1m\u00e1ra, akik a v\u00e1rost szeretn\u00e9k felfedezni, \u00fczleti \u00faton j\u00e1rnak, vagy csak pihen\u00e9sre v\u00e1gynak.<\/p><p>Panzi\u00f3nkban jelenleg 5 db superior egyh\u00e1l\u00f3s apartman \u00e9s 1 db superior k\u00e9t h\u00e1l\u00f3s apartman \u00e9rhet\u0151 el. \u00cdgy a teljes f\u00e9r\u0151helyek sz\u00e1ma 14 f\u0151, mely m\u00e9g p\u00f3t\u00e1gyakkal b\u0151v\u00edthet\u0151.<\/p><p>M\u00e1r alig v\u00e1rjuk, hogy vend\u00e9g\u00fcl l\u00e1thassuk!<\/p>\t\t\t\t\t\t\t\t<\/div>\n\t\t\t\t<\/div>\n\t\t\t\t\t<\/div>\n\t\t\t\t<\/div>\n\t\t<div class=\"elementor-element elementor-element-3d271ce e-flex e-con-boxed e-con e-parent\" data-id=\"3d271ce\" data-element_type=\"container\">\n\t\t\t\t\t<div class=\"e-con-inner\">\n\t\t\t\t<div class=\"elementor-element elementor-element-abfc8c4 elementor-widget elementor-widget-image\" data-id=\"abfc8c4\" data-element_type=\"widget\" data-widget_type=\"image.default\">\n\t\t\t\t<div class=\"elementor-widget-container\">\n\t\t\t\t\t\t\t\t\t\t\t\t\t\t\t<img fetchpriority=\"high\" decoding=\"async\" width=\"800\" height=\"979\" src=\"https:\/\/blisshouse.hu\/wp-content\/uploads\/2024\/11\/blisshotel4.jpg\" class=\"attachment-large size-large wp-image-166\" alt=\"\" srcset=\"https:\/\/blisshouse.hu\/wp-content\/uploads\/2024\/11\/blisshotel4.jpg 800w, https:\/\/blisshouse.hu\/wp-content\/uploads\/2024\/11\/blisshotel4-245x300.jpg 245w, https:\/\/blisshouse.hu\/wp-content\/uploads\/2024\/11\/blisshotel4-768x940.jpg 768w\" sizes=\"(max-width: 800px) 100vw, 800px\" \/>\t\t\t\t\t\t\t\t\t\t\t\t\t\t\t<\/div>\n\t\t\t\t<\/div>\n\t\t\t\t<div class=\"elementor-element elementor-element-22111a3 elementor-widget elementor-widget-image\" data-id=\"22111a3\" data-element_type=\"widget\" data-widget_type=\"image.default\">\n\t\t\t\t<div class=\"elementor-widget-container\">\n\t\t\t\t\t\t\t\t\t\t\t\t\t\t\t<img decoding=\"async\" width=\"800\" height=\"979\" src=\"https:\/\/blisshouse.hu\/wp-content\/uploads\/2024\/11\/blisshotel7.jpg\" class=\"attachment-large size-large wp-image-167\" alt=\"\" srcset=\"https:\/\/blisshouse.hu\/wp-content\/uploads\/2024\/11\/blisshotel7.jpg 800w, https:\/\/blisshouse.hu\/wp-content\/uploads\/2024\/11\/blisshotel7-245x300.jpg 245w, https:\/\/blisshouse.hu\/wp-content\/uploads\/2024\/11\/blisshotel7-768x940.jpg 768w\" sizes=\"(max-width: 800px) 100vw, 800px\" \/>\t\t\t\t\t\t\t\t\t\t\t\t\t\t\t<\/div>\n\t\t\t\t<\/div>\n\t\t\t\t\t<\/div>\n\t\t\t\t<\/div>\n\t\t<div class=\"elementor-element elementor-element-dbaca63 e-con-full e-flex e-con e-parent\" data-id=\"dbaca63\" data-element_type=\"container\" data-settings=\"{&quot;background_background&quot;:&quot;classic&quot;,&quot;background_motion_fx_motion_fx_scrolling&quot;:&quot;yes&quot;,&quot;background_motion_fx_translateY_effect&quot;:&quot;yes&quot;,&quot;background_motion_fx_translateY_direction&quot;:&quot;negative&quot;,&quot;background_motion_fx_translateY_speed&quot;:{&quot;unit&quot;:&quot;px&quot;,&quot;size&quot;:10,&quot;sizes&quot;:[]},&quot;background_motion_fx_translateY_affectedRange&quot;:{&quot;unit&quot;:&quot;%&quot;,&quot;size&quot;:&quot;&quot;,&quot;sizes&quot;:{&quot;start&quot;:0,&quot;end&quot;:100}},&quot;background_motion_fx_devices&quot;:[&quot;widescreen&quot;,&quot;desktop&quot;,&quot;laptop&quot;,&quot;tablet_extra&quot;,&quot;tablet&quot;,&quot;mobile_extra&quot;,&quot;mobile&quot;]}\">\n\t\t\t\t<\/div>\n\t\t\t\t<\/div>","protected":false},"excerpt":{"rendered":"<p>About Us Welcome to Bliss Boarding House! Bliss Boarding House\u00a0is ideally located in a peaceful side street just a few steps away from the UNESCO World Heritage site, Andr\u00e1ssy Avenue, the luxury shopping district of Budapest. Our property is a 1-minute walk from Liszt Ferenc Square, home to some of the city&#8217;s finest restaurants and [&hellip;]<\/p>","protected":false},"author":1,"featured_media":0,"parent":0,"menu_order":0,"comment_status":"closed","ping_status":"closed","template":"","meta":{"footnotes":""},"class_list":["post-156","page","type-page","status-publish","hentry"],"_links":{"self":[{"href":"https:\/\/blisshouse.hu\/hu\/wp-json\/wp\/v2\/pages\/156","targetHints":{"allow":["GET"]}}],"collection":[{"href":"https:\/\/blisshouse.hu\/hu\/wp-json\/wp\/v2\/pages"}],"about":[{"href":"https:\/\/blisshouse.hu\/hu\/wp-json\/wp\/v2\/types\/page"}],"author":[{"embeddable":true,"href":"https:\/\/blisshouse.hu\/hu\/wp-json\/wp\/v2\/users\/1"}],"replies":[{"embeddable":true,"href":"https:\/\/blisshouse.hu\/hu\/wp-json\/wp\/v2\/comments?post=156"}],"version-history":[{"count":8,"href":"https:\/\/blisshouse.hu\/hu\/wp-json\/wp\/v2\/pages\/156\/revisions"}],"predecessor-version":[{"id":1449,"href":"https:\/\/blisshouse.hu\/hu\/wp-json\/wp\/v2\/pages\/156\/revisions\/1449"}],"wp:attachment":[{"href":"https:\/\/blisshouse.hu\/hu\/wp-json\/wp\/v2\/media?parent=156"}],"curies":[{"name":"wp","href":"https:\/\/api.w.org\/{rel}","templated":true}]}}