{"id":1381,"date":"2024-12-02T17:28:56","date_gmt":"2024-12-02T17:28:56","guid":{"rendered":"https:\/\/blisshouse.hu\/?page_id=1381"},"modified":"2024-12-02T17:51:51","modified_gmt":"2024-12-02T17:51:51","slug":"hazirend","status":"publish","type":"page","link":"https:\/\/blisshouse.hu\/hu\/hazirend\/","title":{"rendered":"h\u00e1zirend"},"content":{"rendered":"<div data-elementor-type=\"wp-page\" data-elementor-id=\"1381\" class=\"elementor elementor-1381\" data-elementor-post-type=\"page\">\n\t\t\t\t<div class=\"elementor-element elementor-element-60b69247 e-con-full e-flex e-con e-parent\" data-id=\"60b69247\" data-element_type=\"container\" data-settings=\"{&quot;background_background&quot;:&quot;classic&quot;}\">\n\t\t<div class=\"elementor-element elementor-element-7df89fd0 e-con-full e-flex e-con e-child\" data-id=\"7df89fd0\" data-element_type=\"container\">\n\t\t\t\t<div class=\"elementor-element elementor-element-36ed041b elementor-widget elementor-widget-heading\" data-id=\"36ed041b\" data-element_type=\"widget\" data-widget_type=\"heading.default\">\n\t\t\t\t<div class=\"elementor-widget-container\">\n\t\t\t\t\t<h2 class=\"elementor-heading-title elementor-size-default\">H\u00e1zirend<\/h2>\t\t\t\t<\/div>\n\t\t\t\t<\/div>\n\t\t\t\t<\/div>\n\t\t\t\t<\/div>\n\t\t<div class=\"elementor-element elementor-element-33a6a66f e-con-full e-flex e-con e-parent\" data-id=\"33a6a66f\" data-element_type=\"container\">\n\t\t\t\t<div class=\"elementor-element elementor-element-664760e0 elementor-widget elementor-widget-image\" data-id=\"664760e0\" data-element_type=\"widget\" data-widget_type=\"image.default\">\n\t\t\t\t<div class=\"elementor-widget-container\">\n\t\t\t\t\t\t\t\t\t\t\t\t\t\t\t<img fetchpriority=\"high\" decoding=\"async\" width=\"1200\" height=\"1697\" src=\"https:\/\/blisshouse.hu\/wp-content\/uploads\/2024\/12\/bliss_hazirend_A4_EN_page-0001.webp\" class=\"attachment-full size-full wp-image-1389\" alt=\"\" srcset=\"https:\/\/blisshouse.hu\/wp-content\/uploads\/2024\/12\/bliss_hazirend_A4_EN_page-0001.webp 1200w, https:\/\/blisshouse.hu\/wp-content\/uploads\/2024\/12\/bliss_hazirend_A4_EN_page-0001-212x300.webp 212w, https:\/\/blisshouse.hu\/wp-content\/uploads\/2024\/12\/bliss_hazirend_A4_EN_page-0001-724x1024.webp 724w, https:\/\/blisshouse.hu\/wp-content\/uploads\/2024\/12\/bliss_hazirend_A4_EN_page-0001-768x1086.webp 768w, https:\/\/blisshouse.hu\/wp-content\/uploads\/2024\/12\/bliss_hazirend_A4_EN_page-0001-1086x1536.webp 1086w, https:\/\/blisshouse.hu\/wp-content\/uploads\/2024\/12\/bliss_hazirend_A4_EN_page-0001-8x12.webp 8w\" sizes=\"(max-width: 1200px) 100vw, 1200px\" \/>\t\t\t\t\t\t\t\t\t\t\t\t\t\t\t<\/div>\n\t\t\t\t<\/div>\n\t\t\t\t<div class=\"elementor-element elementor-element-691b9f96 elementor-widget elementor-widget-image\" data-id=\"691b9f96\" data-element_type=\"widget\" data-widget_type=\"image.default\">\n\t\t\t\t<div class=\"elementor-widget-container\">\n\t\t\t\t\t\t\t\t\t\t\t\t\t\t\t<img decoding=\"async\" width=\"1200\" height=\"1697\" src=\"https:\/\/blisshouse.hu\/wp-content\/uploads\/2024\/12\/bliss_hazirend_A4_EN_page-0002.webp\" class=\"attachment-full size-full wp-image-1390\" alt=\"\" srcset=\"https:\/\/blisshouse.hu\/wp-content\/uploads\/2024\/12\/bliss_hazirend_A4_EN_page-0002.webp 1200w, https:\/\/blisshouse.hu\/wp-content\/uploads\/2024\/12\/bliss_hazirend_A4_EN_page-0002-212x300.webp 212w, https:\/\/blisshouse.hu\/wp-content\/uploads\/2024\/12\/bliss_hazirend_A4_EN_page-0002-724x1024.webp 724w, https:\/\/blisshouse.hu\/wp-content\/uploads\/2024\/12\/bliss_hazirend_A4_EN_page-0002-768x1086.webp 768w, https:\/\/blisshouse.hu\/wp-content\/uploads\/2024\/12\/bliss_hazirend_A4_EN_page-0002-1086x1536.webp 1086w, https:\/\/blisshouse.hu\/wp-content\/uploads\/2024\/12\/bliss_hazirend_A4_EN_page-0002-8x12.webp 8w\" sizes=\"(max-width: 1200px) 100vw, 1200px\" \/>\t\t\t\t\t\t\t\t\t\t\t\t\t\t\t<\/div>\n\t\t\t\t<\/div>\n\t\t\t\t<div class=\"elementor-element elementor-element-3c1d0c23 elementor-widget elementor-widget-image\" data-id=\"3c1d0c23\" data-element_type=\"widget\" data-widget_type=\"image.default\">\n\t\t\t\t<div class=\"elementor-widget-container\">\n\t\t\t\t\t\t\t\t\t\t\t\t\t\t\t<img decoding=\"async\" width=\"1200\" height=\"1697\" src=\"https:\/\/blisshouse.hu\/wp-content\/uploads\/2024\/12\/bliss_hazirend_A4_EN_page-0003.webp\" class=\"attachment-full size-full wp-image-1387\" alt=\"\" srcset=\"https:\/\/blisshouse.hu\/wp-content\/uploads\/2024\/12\/bliss_hazirend_A4_EN_page-0003.webp 1200w, https:\/\/blisshouse.hu\/wp-content\/uploads\/2024\/12\/bliss_hazirend_A4_EN_page-0003-212x300.webp 212w, https:\/\/blisshouse.hu\/wp-content\/uploads\/2024\/12\/bliss_hazirend_A4_EN_page-0003-724x1024.webp 724w, https:\/\/blisshouse.hu\/wp-content\/uploads\/2024\/12\/bliss_hazirend_A4_EN_page-0003-768x1086.webp 768w, https:\/\/blisshouse.hu\/wp-content\/uploads\/2024\/12\/bliss_hazirend_A4_EN_page-0003-1086x1536.webp 1086w, https:\/\/blisshouse.hu\/wp-content\/uploads\/2024\/12\/bliss_hazirend_A4_EN_page-0003-8x12.webp 8w\" sizes=\"(max-width: 1200px) 100vw, 1200px\" \/>\t\t\t\t\t\t\t\t\t\t\t\t\t\t\t<\/div>\n\t\t\t\t<\/div>\n\t\t\t\t<div class=\"elementor-element elementor-element-420304ef elementor-widget elementor-widget-image\" data-id=\"420304ef\" data-element_type=\"widget\" data-widget_type=\"image.default\">\n\t\t\t\t<div class=\"elementor-widget-container\">\n\t\t\t\t\t\t\t\t\t\t\t\t\t\t\t<img loading=\"lazy\" decoding=\"async\" width=\"1200\" height=\"1697\" src=\"https:\/\/blisshouse.hu\/wp-content\/uploads\/2024\/12\/bliss_hazirend_A4_EN_page-0004.webp\" class=\"attachment-full size-full wp-image-1388\" alt=\"\" srcset=\"https:\/\/blisshouse.hu\/wp-content\/uploads\/2024\/12\/bliss_hazirend_A4_EN_page-0004.webp 1200w, https:\/\/blisshouse.hu\/wp-content\/uploads\/2024\/12\/bliss_hazirend_A4_EN_page-0004-212x300.webp 212w, https:\/\/blisshouse.hu\/wp-content\/uploads\/2024\/12\/bliss_hazirend_A4_EN_page-0004-724x1024.webp 724w, https:\/\/blisshouse.hu\/wp-content\/uploads\/2024\/12\/bliss_hazirend_A4_EN_page-0004-768x1086.webp 768w, https:\/\/blisshouse.hu\/wp-content\/uploads\/2024\/12\/bliss_hazirend_A4_EN_page-0004-1086x1536.webp 1086w, https:\/\/blisshouse.hu\/wp-content\/uploads\/2024\/12\/bliss_hazirend_A4_EN_page-0004-8x12.webp 8w\" sizes=\"(max-width: 1200px) 100vw, 1200px\" \/>\t\t\t\t\t\t\t\t\t\t\t\t\t\t\t<\/div>\n\t\t\t\t<\/div>\n\t\t\t\t<\/div>\n\t\t<div class=\"elementor-element elementor-element-a64fc57 e-con-full e-flex e-con e-parent\" data-id=\"a64fc57\" data-element_type=\"container\">\n\t\t\t\t<div class=\"elementor-element elementor-element-c1aae83 elementor-widget elementor-widget-button\" data-id=\"c1aae83\" data-element_type=\"widget\" data-widget_type=\"button.default\">\n\t\t\t\t<div class=\"elementor-widget-container\">\n\t\t\t\t\t\t\t\t\t<div class=\"elementor-button-wrapper\">\n\t\t\t\t\t<a class=\"elementor-button elementor-button-link elementor-size-sm\" href=\"https:\/\/blisshouse.hu\/hu\/vendegtajekoztato\/\">\n\t\t\t\t\t\t<span class=\"elementor-button-content-wrapper\">\n\t\t\t\t\t\t\t\t\t<span class=\"elementor-button-text\">Vend\u00e9gt\u00e1j\u00e9koztat\u00f3<\/span>\n\t\t\t\t\t<\/span>\n\t\t\t\t\t<\/a>\n\t\t\t\t<\/div>\n\t\t\t\t\t\t\t\t<\/div>\n\t\t\t\t<\/div>\n\t\t\t\t<\/div>\n\t\t<div class=\"elementor-element elementor-element-546a7d5 e-con-full e-flex e-con e-parent\" data-id=\"546a7d5\" data-element_type=\"container\">\n\t\t\t\t<\/div>\n\t\t\t\t<\/div>","protected":false},"excerpt":{"rendered":"<p>Accommodation policy Guest directory<\/p>","protected":false},"author":1,"featured_media":0,"parent":0,"menu_order":0,"comment_status":"closed","ping_status":"closed","template":"elementor_header_footer","meta":{"footnotes":""},"class_list":["post-1381","page","type-page","status-publish","hentry"],"_links":{"self":[{"href":"https:\/\/blisshouse.hu\/hu\/wp-json\/wp\/v2\/pages\/1381","targetHints":{"allow":["GET"]}}],"collection":[{"href":"https:\/\/blisshouse.hu\/hu\/wp-json\/wp\/v2\/pages"}],"about":[{"href":"https:\/\/blisshouse.hu\/hu\/wp-json\/wp\/v2\/types\/page"}],"author":[{"embeddable":true,"href":"https:\/\/blisshouse.hu\/hu\/wp-json\/wp\/v2\/users\/1"}],"replies":[{"embeddable":true,"href":"https:\/\/blisshouse.hu\/hu\/wp-json\/wp\/v2\/comments?post=1381"}],"version-history":[{"count":5,"href":"https:\/\/blisshouse.hu\/hu\/wp-json\/wp\/v2\/pages\/1381\/revisions"}],"predecessor-version":[{"id":1408,"href":"https:\/\/blisshouse.hu\/hu\/wp-json\/wp\/v2\/pages\/1381\/revisions\/1408"}],"wp:attachment":[{"href":"https:\/\/blisshouse.hu\/hu\/wp-json\/wp\/v2\/media?parent=1381"}],"curies":[{"name":"wp","href":"https:\/\/api.w.org\/{rel}","templated":true}]}}