{"id":1160,"date":"2024-11-27T15:10:55","date_gmt":"2024-11-27T15:10:55","guid":{"rendered":"https:\/\/blisshouse.hu\/?page_id=1160"},"modified":"2024-12-02T17:50:33","modified_gmt":"2024-12-02T17:50:33","slug":"vendegtajekoztato","status":"publish","type":"page","link":"https:\/\/blisshouse.hu\/hu\/vendegtajekoztato\/","title":{"rendered":"vendegtajekoztato"},"content":{"rendered":"<div data-elementor-type=\"wp-page\" data-elementor-id=\"1160\" class=\"elementor elementor-1160\" data-elementor-post-type=\"page\">\n\t\t\t\t<div class=\"elementor-element elementor-element-129275fc e-con-full e-flex e-con e-parent\" data-id=\"129275fc\" data-element_type=\"container\" data-settings=\"{&quot;background_background&quot;:&quot;classic&quot;}\">\n\t\t<div class=\"elementor-element elementor-element-a28ab4b e-con-full e-flex e-con e-child\" data-id=\"a28ab4b\" data-element_type=\"container\">\n\t\t\t\t<div class=\"elementor-element elementor-element-50330e03 elementor-widget elementor-widget-heading\" data-id=\"50330e03\" data-element_type=\"widget\" data-widget_type=\"heading.default\">\n\t\t\t\t<div class=\"elementor-widget-container\">\n\t\t\t\t\t<h2 class=\"elementor-heading-title elementor-size-default\">Vend\u00e9gt\u00e1j\u00e9koztat\u00f3<\/h2>\t\t\t\t<\/div>\n\t\t\t\t<\/div>\n\t\t\t\t<\/div>\n\t\t\t\t<\/div>\n\t\t<div class=\"elementor-element elementor-element-369cb368 e-con-full e-flex e-con e-parent\" data-id=\"369cb368\" data-element_type=\"container\">\n\t\t\t\t<div class=\"elementor-element elementor-element-067c6dc elementor-widget elementor-widget-image\" data-id=\"067c6dc\" data-element_type=\"widget\" data-widget_type=\"image.default\">\n\t\t\t\t<div class=\"elementor-widget-container\">\n\t\t\t\t\t\t\t\t\t\t\t\t\t\t\t<img fetchpriority=\"high\" decoding=\"async\" width=\"1358\" height=\"1920\" src=\"https:\/\/blisshouse.hu\/wp-content\/uploads\/2024\/11\/bliss_vendegtajekoztato_HU_page-0001.webp\" class=\"attachment-full size-full wp-image-1166\" alt=\"\" srcset=\"https:\/\/blisshouse.hu\/wp-content\/uploads\/2024\/11\/bliss_vendegtajekoztato_HU_page-0001.webp 1358w, https:\/\/blisshouse.hu\/wp-content\/uploads\/2024\/11\/bliss_vendegtajekoztato_HU_page-0001-212x300.webp 212w, https:\/\/blisshouse.hu\/wp-content\/uploads\/2024\/11\/bliss_vendegtajekoztato_HU_page-0001-724x1024.webp 724w, https:\/\/blisshouse.hu\/wp-content\/uploads\/2024\/11\/bliss_vendegtajekoztato_HU_page-0001-768x1086.webp 768w, https:\/\/blisshouse.hu\/wp-content\/uploads\/2024\/11\/bliss_vendegtajekoztato_HU_page-0001-1086x1536.webp 1086w, https:\/\/blisshouse.hu\/wp-content\/uploads\/2024\/11\/bliss_vendegtajekoztato_HU_page-0001-8x12.webp 8w\" sizes=\"(max-width: 1358px) 100vw, 1358px\" \/>\t\t\t\t\t\t\t\t\t\t\t\t\t\t\t<\/div>\n\t\t\t\t<\/div>\n\t\t\t\t<div class=\"elementor-element elementor-element-bacc8ff elementor-widget elementor-widget-image\" data-id=\"bacc8ff\" data-element_type=\"widget\" data-widget_type=\"image.default\">\n\t\t\t\t<div class=\"elementor-widget-container\">\n\t\t\t\t\t\t\t\t\t\t\t\t\t\t\t<img decoding=\"async\" width=\"1358\" height=\"1920\" src=\"https:\/\/blisshouse.hu\/wp-content\/uploads\/2024\/11\/bliss_vendegtajekoztato_EN_page-0001.webp\" class=\"attachment-full size-full wp-image-1163\" alt=\"\" srcset=\"https:\/\/blisshouse.hu\/wp-content\/uploads\/2024\/11\/bliss_vendegtajekoztato_EN_page-0001.webp 1358w, https:\/\/blisshouse.hu\/wp-content\/uploads\/2024\/11\/bliss_vendegtajekoztato_EN_page-0001-212x300.webp 212w, https:\/\/blisshouse.hu\/wp-content\/uploads\/2024\/11\/bliss_vendegtajekoztato_EN_page-0001-724x1024.webp 724w, https:\/\/blisshouse.hu\/wp-content\/uploads\/2024\/11\/bliss_vendegtajekoztato_EN_page-0001-768x1086.webp 768w, https:\/\/blisshouse.hu\/wp-content\/uploads\/2024\/11\/bliss_vendegtajekoztato_EN_page-0001-1086x1536.webp 1086w, https:\/\/blisshouse.hu\/wp-content\/uploads\/2024\/11\/bliss_vendegtajekoztato_EN_page-0001-8x12.webp 8w\" sizes=\"(max-width: 1358px) 100vw, 1358px\" \/>\t\t\t\t\t\t\t\t\t\t\t\t\t\t\t<\/div>\n\t\t\t\t<\/div>\n\t\t\t\t<div class=\"elementor-element elementor-element-9fae75c elementor-widget elementor-widget-image\" data-id=\"9fae75c\" data-element_type=\"widget\" data-widget_type=\"image.default\">\n\t\t\t\t<div class=\"elementor-widget-container\">\n\t\t\t\t\t\t\t\t\t\t\t\t\t\t\t<img decoding=\"async\" width=\"1358\" height=\"1920\" src=\"https:\/\/blisshouse.hu\/wp-content\/uploads\/2024\/11\/bliss_vendegtajekoztato_EN_page-0002.webp\" class=\"attachment-full size-full wp-image-1164\" alt=\"\" srcset=\"https:\/\/blisshouse.hu\/wp-content\/uploads\/2024\/11\/bliss_vendegtajekoztato_EN_page-0002.webp 1358w, https:\/\/blisshouse.hu\/wp-content\/uploads\/2024\/11\/bliss_vendegtajekoztato_EN_page-0002-212x300.webp 212w, https:\/\/blisshouse.hu\/wp-content\/uploads\/2024\/11\/bliss_vendegtajekoztato_EN_page-0002-724x1024.webp 724w, https:\/\/blisshouse.hu\/wp-content\/uploads\/2024\/11\/bliss_vendegtajekoztato_EN_page-0002-768x1086.webp 768w, https:\/\/blisshouse.hu\/wp-content\/uploads\/2024\/11\/bliss_vendegtajekoztato_EN_page-0002-1086x1536.webp 1086w, https:\/\/blisshouse.hu\/wp-content\/uploads\/2024\/11\/bliss_vendegtajekoztato_EN_page-0002-8x12.webp 8w\" sizes=\"(max-width: 1358px) 100vw, 1358px\" \/>\t\t\t\t\t\t\t\t\t\t\t\t\t\t\t<\/div>\n\t\t\t\t<\/div>\n\t\t\t\t<div class=\"elementor-element elementor-element-5f0d94d elementor-widget elementor-widget-image\" data-id=\"5f0d94d\" data-element_type=\"widget\" data-widget_type=\"image.default\">\n\t\t\t\t<div class=\"elementor-widget-container\">\n\t\t\t\t\t\t\t\t\t\t\t\t\t\t\t<img loading=\"lazy\" decoding=\"async\" width=\"1358\" height=\"1920\" src=\"https:\/\/blisshouse.hu\/wp-content\/uploads\/2024\/11\/bliss_vendegtajekoztato_EN_page-0003.webp\" class=\"attachment-full size-full wp-image-1165\" alt=\"\" srcset=\"https:\/\/blisshouse.hu\/wp-content\/uploads\/2024\/11\/bliss_vendegtajekoztato_EN_page-0003.webp 1358w, https:\/\/blisshouse.hu\/wp-content\/uploads\/2024\/11\/bliss_vendegtajekoztato_EN_page-0003-212x300.webp 212w, https:\/\/blisshouse.hu\/wp-content\/uploads\/2024\/11\/bliss_vendegtajekoztato_EN_page-0003-724x1024.webp 724w, https:\/\/blisshouse.hu\/wp-content\/uploads\/2024\/11\/bliss_vendegtajekoztato_EN_page-0003-768x1086.webp 768w, https:\/\/blisshouse.hu\/wp-content\/uploads\/2024\/11\/bliss_vendegtajekoztato_EN_page-0003-1086x1536.webp 1086w, https:\/\/blisshouse.hu\/wp-content\/uploads\/2024\/11\/bliss_vendegtajekoztato_EN_page-0003-8x12.webp 8w\" sizes=\"(max-width: 1358px) 100vw, 1358px\" \/>\t\t\t\t\t\t\t\t\t\t\t\t\t\t\t<\/div>\n\t\t\t\t<\/div>\n\t\t\t\t<\/div>\n\t\t<div class=\"elementor-element elementor-element-58b5911 e-con-full e-flex e-con e-parent\" data-id=\"58b5911\" data-element_type=\"container\">\n\t\t\t\t<div class=\"elementor-element elementor-element-105bf6e elementor-widget elementor-widget-button\" data-id=\"105bf6e\" data-element_type=\"widget\" data-widget_type=\"button.default\">\n\t\t\t\t<div class=\"elementor-widget-container\">\n\t\t\t\t\t\t\t\t\t<div class=\"elementor-button-wrapper\">\n\t\t\t\t\t<a class=\"elementor-button elementor-button-link elementor-size-sm\" href=\"https:\/\/blisshouse.hu\/hu\/hazirend\/\">\n\t\t\t\t\t\t<span class=\"elementor-button-content-wrapper\">\n\t\t\t\t\t\t\t\t\t<span class=\"elementor-button-text\">H\u00e1zirend<\/span>\n\t\t\t\t\t<\/span>\n\t\t\t\t\t<\/a>\n\t\t\t\t<\/div>\n\t\t\t\t\t\t\t\t<\/div>\n\t\t\t\t<\/div>\n\t\t\t\t<\/div>\n\t\t<div class=\"elementor-element elementor-element-3ea8779 e-con-full e-flex e-con e-parent\" data-id=\"3ea8779\" data-element_type=\"container\">\n\t\t\t\t<\/div>\n\t\t\t\t<\/div>","protected":false},"excerpt":{"rendered":"<p>Guest directory Accommodation policy<\/p>","protected":false},"author":1,"featured_media":0,"parent":0,"menu_order":0,"comment_status":"closed","ping_status":"closed","template":"elementor_header_footer","meta":{"footnotes":""},"class_list":["post-1160","page","type-page","status-publish","hentry"],"_links":{"self":[{"href":"https:\/\/blisshouse.hu\/hu\/wp-json\/wp\/v2\/pages\/1160","targetHints":{"allow":["GET"]}}],"collection":[{"href":"https:\/\/blisshouse.hu\/hu\/wp-json\/wp\/v2\/pages"}],"about":[{"href":"https:\/\/blisshouse.hu\/hu\/wp-json\/wp\/v2\/types\/page"}],"author":[{"embeddable":true,"href":"https:\/\/blisshouse.hu\/hu\/wp-json\/wp\/v2\/users\/1"}],"replies":[{"embeddable":true,"href":"https:\/\/blisshouse.hu\/hu\/wp-json\/wp\/v2\/comments?post=1160"}],"version-history":[{"count":5,"href":"https:\/\/blisshouse.hu\/hu\/wp-json\/wp\/v2\/pages\/1160\/revisions"}],"predecessor-version":[{"id":1405,"href":"https:\/\/blisshouse.hu\/hu\/wp-json\/wp\/v2\/pages\/1160\/revisions\/1405"}],"wp:attachment":[{"href":"https:\/\/blisshouse.hu\/hu\/wp-json\/wp\/v2\/media?parent=1160"}],"curies":[{"name":"wp","href":"https:\/\/api.w.org\/{rel}","templated":true}]}}